{"id":2212,"date":"2022-03-23T17:51:57","date_gmt":"2022-03-23T16:51:57","guid":{"rendered":"https:\/\/www.wildisthegame.com\/legal-notice\/"},"modified":"2022-07-18T18:50:02","modified_gmt":"2022-07-18T16:50:02","slug":"legal-notice","status":"publish","type":"page","link":"https:\/\/www.wildisthegame.com\/en\/legal-notice\/","title":{"rendered":"Legal Notice"},"content":{"rendered":"<p>[vc_row css=&#8221;.vc_custom_1649144069905{padding-bottom: 50px !important;}&#8221;][vc_column width=&#8221;1\/5&#8243;][\/vc_column][vc_column width=&#8221;4\/5&#8243;]<style>.ld_fancy_heading_6a008a65a5d23 h1{font-size:58px;line-height:70px;color:rgb(76, 93, 243);}.ld_fancy_heading_6a008a65a5d23 .lqd-highlight-inner{height:0.275em;bottom:0px;}<\/style><div class=\"ld-fancy-heading ld_fancy_heading_6a008a65a5d23\">\n\t<h1 class=\"lqd-highlight-underline lqd-highlight-grow-left\" ><span class=\"ld-fh-txt\"> Legal Notice<\/span><\/h1><\/div>[\/vc_column][\/vc_row][vc_row css=&#8221;.vc_custom_1649144069905{padding-bottom: 50px !important;}&#8221;][vc_column width=&#8221;1\/5&#8243;][\/vc_column][vc_column width=&#8221;4\/5&#8243;]<style>.ld_fancy_heading_6a008a65a6a28 h2{font-size:28px;line-height:25px;}.ld_fancy_heading_6a008a65a6a28 .lqd-highlight-inner{height:0.275em;bottom:0px;}<\/style><div class=\"ld-fancy-heading ld_fancy_heading_6a008a65a6a28\">\n\t<h2 class=\"lqd-highlight-underline lqd-highlight-grow-left\" ><span class=\"ld-fh-txt\"> Website published by:<\/span><\/h2><\/div>[vc_column_text]Wild is the Game<br \/>\n270 chemins des Groules<br \/>\n06740 Ch\u00e2teauneuf-Grasse<\/p>\n<p><strong> Phone:<\/strong> (+33) 6 61 70 65 10<br \/>\n<strong>Email:<\/strong> shiva@wildisthegame.com<\/p>\n<p><strong>Company name:<\/strong> Wild is the Game<br \/>\n<strong>Share capital:<\/strong>\u20ac4,650.<br \/>\n<strong>Siret number:<\/strong> 51394187200014<br \/>\n<strong>Trade and Companies Register (RCS):<\/strong> Grasse<br \/>\n<strong>Intracommunity VAT number: <\/strong> FR 55 513941872<\/p>\n<p><strong>Publication Director:<\/strong>Julien GOBY[\/vc_column_text]<style>.ld_spacer_6a008a65a71a2{height:50px;}<\/style>\n<div class=\"ld-empty-space ld_spacer_6a008a65a71a2\"><span class=\"liquid_empty_space_inner\"><\/span><\/div><style>.ld_fancy_heading_6a008a65a739c h2{font-size:28px;line-height:25px;}.ld_fancy_heading_6a008a65a739c .lqd-highlight-inner{height:0.275em;bottom:0px;}<\/style><div class=\"ld-fancy-heading ld_fancy_heading_6a008a65a739c\">\n\t<h2 class=\"lqd-highlight-underline lqd-highlight-grow-left\" ><span class=\"ld-fh-txt\"> Hosting platform:<\/span><\/h2><\/div>[vc_column_text]OVH<\/p>\n<p><strong>Head office:<\/strong> 140 Quai du Sartel, 59100 ROUBAIX<br \/>\n<strong> Trade and Companies Register (RCS):<\/strong> Roubaix-Tourcoing B 424 761 419[\/vc_column_text]<style>.ld_spacer_6a008a65a75d3{height:50px;}<\/style>\n<div class=\"ld-empty-space ld_spacer_6a008a65a75d3\"><span class=\"liquid_empty_space_inner\"><\/span><\/div><style>.ld_fancy_heading_6a008a65a769c h2{font-size:28px;line-height:25px;}.ld_fancy_heading_6a008a65a769c .lqd-highlight-inner{height:0.275em;bottom:0px;}<\/style><div class=\"ld-fancy-heading ld_fancy_heading_6a008a65a769c\">\n\t<h2 class=\"lqd-highlight-underline lqd-highlight-grow-left\" ><span class=\"ld-fh-txt\"> Website created by:<\/span><\/h2><\/div>[vc_column_text]Vanessa Asse<br \/>\nLa NewsFactory Agency (Digital and print communication)<\/p>\n<p><strong>Phone:<\/strong> (+33) 6 63 82 50 50<br \/>\n<strong>Email:<\/strong> vanessa.asse@gmail.com<\/p>\n<p><strong>Siret number:<\/strong> 78864663600035<br \/>\n<strong> Intracommunity VAT number:<\/strong> FR19788646636[\/vc_column_text]<style>.ld_spacer_6a008a65a7752{height:50px;}<\/style>\n<div class=\"ld-empty-space ld_spacer_6a008a65a7752\"><span class=\"liquid_empty_space_inner\"><\/span><\/div><style>.ld_fancy_heading_6a008a65a77ff h2{font-size:28px;line-height:25px;}.ld_fancy_heading_6a008a65a77ff .lqd-highlight-inner{height:0.275em;bottom:0px;}<\/style><div class=\"ld-fancy-heading ld_fancy_heading_6a008a65a77ff\">\n\t<h2 class=\"lqd-highlight-underline lqd-highlight-grow-left\" ><span class=\"ld-fh-txt\"> Privacy and personal data:<\/span><\/h2><\/div>[vc_column_text]Data are collected for the exclusive purpose of establishing a commercial and professional relationship with customers.<\/p>\n<p>The personal data are kept by Wild is the Game for a reasonable period.<\/p>\n<p>If someone does not provide all the mandatory information in the forms on the site (*Required fields), they cannot validate the form.<\/p>\n<p>The right of access and rectification provided for in Article 34 and following of the aforementioned law can be exercised by sending a letter to the following address: Wild is the Game &#8211; 270 chemins des Groules, 06740 Ch\u00e2teauneuf-Grasse[\/vc_column_text]<style>.ld_spacer_6a008a65a78a7{height:50px;}<\/style>\n<div class=\"ld-empty-space ld_spacer_6a008a65a78a7\"><span class=\"liquid_empty_space_inner\"><\/span><\/div><style>.ld_fancy_heading_6a008a65a7955 h2{font-size:28px;line-height:25px;}.ld_fancy_heading_6a008a65a7955 .lqd-highlight-inner{height:0.275em;bottom:0px;}<\/style><div class=\"ld-fancy-heading ld_fancy_heading_6a008a65a7955\">\n\t<h2 class=\"lqd-highlight-underline lqd-highlight-grow-left\" ><span class=\"ld-fh-txt\"> Rights of reproduction:<\/span><\/h2><\/div>[vc_column_text]This entire website is subject to French and international legislation on copyright and intellectual property. All reproduction rights are reserved, including iconographic and photographic representations.<\/p>\n<p>The reproduction of all or part of this website on any support whatsoever is formally forbidden, except with the express permission of the publication director.[\/vc_column_text]<style>.ld_spacer_6a008a65a79ef{height:50px;}<\/style>\n<div class=\"ld-empty-space ld_spacer_6a008a65a79ef\"><span class=\"liquid_empty_space_inner\"><\/span><\/div><style>.ld_fancy_heading_6a008a65a7a8f h2{font-size:28px;line-height:25px;}.ld_fancy_heading_6a008a65a7a8f .lqd-highlight-inner{height:0.275em;bottom:0px;}<\/style><div class=\"ld-fancy-heading ld_fancy_heading_6a008a65a7a8f\">\n\t<h2 class=\"lqd-highlight-underline lqd-highlight-grow-left\" ><span class=\"ld-fh-txt\"> Photographs :<\/span><\/h2><\/div>[vc_column_text]The photographs used on this site are subject to copyright. They cannot be used or duplicated without the written authorization of Wild is the Game.<\/p>\n<p>Photo credits: Adobe Stock \/ Istock \/ Flaticon \/ Pixabay \/ Unsplash (Bram Naus).[\/vc_column_text]<style>.ld_spacer_6a008a65a7b40{height:50px;}<\/style>\n<div class=\"ld-empty-space ld_spacer_6a008a65a7b40\"><span class=\"liquid_empty_space_inner\"><\/span><\/div><style>.ld_fancy_heading_6a008a65a7be7 h2{font-size:28px;line-height:25px;}.ld_fancy_heading_6a008a65a7be7 .lqd-highlight-inner{height:0.275em;bottom:0px;}<\/style><div class=\"ld-fancy-heading ld_fancy_heading_6a008a65a7be7\">\n\t<h2 class=\"lqd-highlight-underline lqd-highlight-grow-left\" ><span class=\"ld-fh-txt\"> Safety Notice:<\/span><\/h2><\/div>[vc_column_text]In order to ensure its security and to guarantee its access to all, this website uses software to monitor the flows on the site, to identify unauthorized attempts to log in or change information, or any other initiative that may cause further damage. Unauthorized attempts to upload information, to alter information, to cause damage, and in general to undermine the availability and integrity of this site are strictly prohibited and will be punished by the penal code.<\/p>\n<p>Thus, article 323-1 of the penal code stipulates that fraudulently accessing or remaining in all or part of an automated data processing system (like a website) is punishable by two years&#8217; imprisonment and a fine of 30,000 euros. Article 323-3 of the same code stipulates that fraudulently introducing data into an automated processing system or fraudulently deleting or modifying the data it contains is punishable by five years&#8217; imprisonment and a fine of 75,000 euros.[\/vc_column_text][\/vc_column][\/vc_row]<\/p>\n","protected":false},"excerpt":{"rendered":"<p>[vc_row css=&#8221;.vc_custom_1649144069905{padding-bottom: 50px !important;}&#8221;][vc_column width=&#8221;1\/5&#8243;][\/vc_column][vc_column width=&#8221;4\/5&#8243;][\/vc_column][\/vc_row][vc_row css=&#8221;.vc_custom_1649144069905{padding-bottom: 50px !important;}&#8221;][vc_column width=&#8221;1\/5&#8243;][\/vc_column][vc_column width=&#8221;4\/5&#8243;][vc_column_text]Wild is the Game 270&#8230;<\/p>\n","protected":false},"author":1,"featured_media":0,"parent":0,"menu_order":0,"comment_status":"closed","ping_status":"closed","template":"","meta":[],"yoast_head":"<!-- This site is optimized with the Yoast SEO plugin v20.6 - https:\/\/yoast.com\/wordpress\/plugins\/seo\/ -->\n<title>Legal Notice | Wild is the Game<\/title>\n<meta name=\"description\" content=\"Retrouvez les mentions l\u00e9gales du site Wildisthegame.com : \u00e9diteur et concepteur du site, h\u00e9bergement, droits de propri\u00e9t\u00e9 intellectuelle.\" \/>\n<meta name=\"robots\" content=\"index, follow, max-snippet:-1, max-image-preview:large, max-video-preview:-1\" \/>\n<link rel=\"canonical\" href=\"https:\/\/www.wildisthegame.com\/en\/legal-notice\/\" \/>\n<meta property=\"og:locale\" content=\"en_US\" \/>\n<meta property=\"og:type\" content=\"article\" \/>\n<meta property=\"og:title\" content=\"Legal Notice | Wild is the Game\" \/>\n<meta property=\"og:description\" content=\"Retrouvez les mentions l\u00e9gales du site Wildisthegame.com : \u00e9diteur et concepteur du site, h\u00e9bergement, droits de propri\u00e9t\u00e9 intellectuelle.\" \/>\n<meta property=\"og:url\" content=\"https:\/\/www.wildisthegame.com\/en\/legal-notice\/\" \/>\n<meta property=\"og:site_name\" content=\"Wild is the Game\" \/>\n<meta property=\"article:modified_time\" content=\"2022-07-18T16:50:02+00:00\" \/>\n<meta name=\"twitter:card\" content=\"summary_large_image\" \/>\n<meta name=\"twitter:label1\" content=\"Est. reading time\" \/>\n\t<meta name=\"twitter:data1\" content=\"3 minutes\" \/>\n<script type=\"application\/ld+json\" class=\"yoast-schema-graph\">{\"@context\":\"https:\/\/schema.org\",\"@graph\":[{\"@type\":\"WebPage\",\"@id\":\"https:\/\/www.wildisthegame.com\/en\/legal-notice\/\",\"url\":\"https:\/\/www.wildisthegame.com\/en\/legal-notice\/\",\"name\":\"Legal Notice | Wild is the Game\",\"isPartOf\":{\"@id\":\"https:\/\/www.wildisthegame.com\/en\/#website\"},\"datePublished\":\"2022-03-23T16:51:57+00:00\",\"dateModified\":\"2022-07-18T16:50:02+00:00\",\"description\":\"Retrouvez les mentions l\u00e9gales du site Wildisthegame.com : \u00e9diteur et concepteur du site, h\u00e9bergement, droits de propri\u00e9t\u00e9 intellectuelle.\",\"breadcrumb\":{\"@id\":\"https:\/\/www.wildisthegame.com\/en\/legal-notice\/#breadcrumb\"},\"inLanguage\":\"en-US\",\"potentialAction\":[{\"@type\":\"ReadAction\",\"target\":[\"https:\/\/www.wildisthegame.com\/en\/legal-notice\/\"]}]},{\"@type\":\"BreadcrumbList\",\"@id\":\"https:\/\/www.wildisthegame.com\/en\/legal-notice\/#breadcrumb\",\"itemListElement\":[{\"@type\":\"ListItem\",\"position\":1,\"name\":\"Accueil\",\"item\":\"https:\/\/www.wildisthegame.com\/en\/\"},{\"@type\":\"ListItem\",\"position\":2,\"name\":\"Legal Notice\"}]},{\"@type\":\"WebSite\",\"@id\":\"https:\/\/www.wildisthegame.com\/en\/#website\",\"url\":\"https:\/\/www.wildisthegame.com\/en\/\",\"name\":\"Wild is the Game\",\"description\":\"Nous concevons et animons des s\u00e9minaires pour faire avancer votre organisation.\",\"publisher\":{\"@id\":\"https:\/\/www.wildisthegame.com\/en\/#organization\"},\"potentialAction\":[{\"@type\":\"SearchAction\",\"target\":{\"@type\":\"EntryPoint\",\"urlTemplate\":\"https:\/\/www.wildisthegame.com\/en\/?s={search_term_string}\"},\"query-input\":\"required name=search_term_string\"}],\"inLanguage\":\"en-US\"},{\"@type\":\"Organization\",\"@id\":\"https:\/\/www.wildisthegame.com\/en\/#organization\",\"name\":\"Wild is the Game\",\"url\":\"https:\/\/www.wildisthegame.com\/en\/\",\"logo\":{\"@type\":\"ImageObject\",\"inLanguage\":\"en-US\",\"@id\":\"https:\/\/www.wildisthegame.com\/en\/#\/schema\/logo\/image\/\",\"url\":\"https:\/\/www.wildisthegame.com\/wp-content\/uploads\/2022\/03\/cropped-wild-is-the-game.png\",\"contentUrl\":\"https:\/\/www.wildisthegame.com\/wp-content\/uploads\/2022\/03\/cropped-wild-is-the-game.png\",\"width\":512,\"height\":512,\"caption\":\"Wild is the Game\"},\"image\":{\"@id\":\"https:\/\/www.wildisthegame.com\/en\/#\/schema\/logo\/image\/\"},\"sameAs\":[\"https:\/\/www.instagram.com\/wildisthegame\/\",\"https:\/\/www.linkedin.com\/company\/wild-is-the-game\/\",\"https:\/\/www.youtube.com\/channel\/UC80_ZmOgKWkDFtIuJr9A6iw\"]}]}<\/script>\n<!-- \/ Yoast SEO plugin. -->","yoast_head_json":{"title":"Legal Notice | Wild is the Game","description":"Retrouvez les mentions l\u00e9gales du site Wildisthegame.com : \u00e9diteur et concepteur du site, h\u00e9bergement, droits de propri\u00e9t\u00e9 intellectuelle.","robots":{"index":"index","follow":"follow","max-snippet":"max-snippet:-1","max-image-preview":"max-image-preview:large","max-video-preview":"max-video-preview:-1"},"canonical":"https:\/\/www.wildisthegame.com\/en\/legal-notice\/","og_locale":"en_US","og_type":"article","og_title":"Legal Notice | Wild is the Game","og_description":"Retrouvez les mentions l\u00e9gales du site Wildisthegame.com : \u00e9diteur et concepteur du site, h\u00e9bergement, droits de propri\u00e9t\u00e9 intellectuelle.","og_url":"https:\/\/www.wildisthegame.com\/en\/legal-notice\/","og_site_name":"Wild is the Game","article_modified_time":"2022-07-18T16:50:02+00:00","twitter_card":"summary_large_image","twitter_misc":{"Est. reading time":"3 minutes"},"schema":{"@context":"https:\/\/schema.org","@graph":[{"@type":"WebPage","@id":"https:\/\/www.wildisthegame.com\/en\/legal-notice\/","url":"https:\/\/www.wildisthegame.com\/en\/legal-notice\/","name":"Legal Notice | Wild is the Game","isPartOf":{"@id":"https:\/\/www.wildisthegame.com\/en\/#website"},"datePublished":"2022-03-23T16:51:57+00:00","dateModified":"2022-07-18T16:50:02+00:00","description":"Retrouvez les mentions l\u00e9gales du site Wildisthegame.com : \u00e9diteur et concepteur du site, h\u00e9bergement, droits de propri\u00e9t\u00e9 intellectuelle.","breadcrumb":{"@id":"https:\/\/www.wildisthegame.com\/en\/legal-notice\/#breadcrumb"},"inLanguage":"en-US","potentialAction":[{"@type":"ReadAction","target":["https:\/\/www.wildisthegame.com\/en\/legal-notice\/"]}]},{"@type":"BreadcrumbList","@id":"https:\/\/www.wildisthegame.com\/en\/legal-notice\/#breadcrumb","itemListElement":[{"@type":"ListItem","position":1,"name":"Accueil","item":"https:\/\/www.wildisthegame.com\/en\/"},{"@type":"ListItem","position":2,"name":"Legal Notice"}]},{"@type":"WebSite","@id":"https:\/\/www.wildisthegame.com\/en\/#website","url":"https:\/\/www.wildisthegame.com\/en\/","name":"Wild is the Game","description":"Nous concevons et animons des s\u00e9minaires pour faire avancer votre organisation.","publisher":{"@id":"https:\/\/www.wildisthegame.com\/en\/#organization"},"potentialAction":[{"@type":"SearchAction","target":{"@type":"EntryPoint","urlTemplate":"https:\/\/www.wildisthegame.com\/en\/?s={search_term_string}"},"query-input":"required name=search_term_string"}],"inLanguage":"en-US"},{"@type":"Organization","@id":"https:\/\/www.wildisthegame.com\/en\/#organization","name":"Wild is the Game","url":"https:\/\/www.wildisthegame.com\/en\/","logo":{"@type":"ImageObject","inLanguage":"en-US","@id":"https:\/\/www.wildisthegame.com\/en\/#\/schema\/logo\/image\/","url":"https:\/\/www.wildisthegame.com\/wp-content\/uploads\/2022\/03\/cropped-wild-is-the-game.png","contentUrl":"https:\/\/www.wildisthegame.com\/wp-content\/uploads\/2022\/03\/cropped-wild-is-the-game.png","width":512,"height":512,"caption":"Wild is the Game"},"image":{"@id":"https:\/\/www.wildisthegame.com\/en\/#\/schema\/logo\/image\/"},"sameAs":["https:\/\/www.instagram.com\/wildisthegame\/","https:\/\/www.linkedin.com\/company\/wild-is-the-game\/","https:\/\/www.youtube.com\/channel\/UC80_ZmOgKWkDFtIuJr9A6iw"]}]}},"_links":{"self":[{"href":"https:\/\/www.wildisthegame.com\/en\/wp-json\/wp\/v2\/pages\/2212"}],"collection":[{"href":"https:\/\/www.wildisthegame.com\/en\/wp-json\/wp\/v2\/pages"}],"about":[{"href":"https:\/\/www.wildisthegame.com\/en\/wp-json\/wp\/v2\/types\/page"}],"author":[{"embeddable":true,"href":"https:\/\/www.wildisthegame.com\/en\/wp-json\/wp\/v2\/users\/1"}],"replies":[{"embeddable":true,"href":"https:\/\/www.wildisthegame.com\/en\/wp-json\/wp\/v2\/comments?post=2212"}],"version-history":[{"count":5,"href":"https:\/\/www.wildisthegame.com\/en\/wp-json\/wp\/v2\/pages\/2212\/revisions"}],"predecessor-version":[{"id":2217,"href":"https:\/\/www.wildisthegame.com\/en\/wp-json\/wp\/v2\/pages\/2212\/revisions\/2217"}],"wp:attachment":[{"href":"https:\/\/www.wildisthegame.com\/en\/wp-json\/wp\/v2\/media?parent=2212"}],"curies":[{"name":"wp","href":"https:\/\/api.w.org\/{rel}","templated":true}]}}